{"id":42401,"date":"2024-05-01T18:07:24","date_gmt":"2024-05-01T16:07:24","guid":{"rendered":"https:\/\/www.millerevesenlaine.com\/?page_id=42401"},"modified":"2024-05-02T17:28:57","modified_gmt":"2024-05-02T15:28:57","slug":"privacy-policy-politique-de-cofidentialite","status":"publish","type":"page","link":"https:\/\/www.millerevesenlaine.com\/boutique\/privacy-policy-politique-de-cofidentialite\/","title":{"rendered":"Privacy Policy \/ Politique de confidentialit\u00e9"},"content":{"rendered":"<h1><strong>Privacy\u00a0Policy<\/strong><\/h1>\n<h4><strong>(Version fran\u00e7aise plus bas)<\/strong><\/h4>\n<p>NB: The terms \u2018me\u2019 \u2019I\u2019 and \u2018Mille R\u00eaves en Laine\u2019 are interchangeable for the purposes of this document.<\/p>\n<p>Your privacy is important to me. In this regard, Mille R\u00eaves en Laine, has a few fundamental principles:<\/p>\n<ul>\n<li>I am thoughtful about the personal information I ask you to provide and the personal information that I collect about you through the operation of my website.<\/li>\n<li>I store personal information for only as long as I have a reason to keep it.<\/li>\n<li>I aim for full transparency on how I gather, use, and share your personal information.<\/li>\n<\/ul>\n<p>Below is my Privacy Policy, which incorporates and clarifies these principles.<\/p>\n<p><strong>Who I am and What This Policy Covers<\/strong><\/p>\n<p>This Privacy Policy applies to information that I collect about you when you use:<\/p>\n<ul>\n<li>My website: millerevesenlaine.com<\/li>\n<\/ul>\n<p>This Privacy Policy also applies to information I collect when you subscribe to my newsletter.<\/p>\n<p>Below I explain how I collect, use, and share information about you, along with the choices that you have with respect to that information.<\/p>\n<p><strong>Information I Collect<\/strong><\/p>\n<p>I only collect information about you if I have a reason to do so \u2014 for example, to provide my products and services, to communicate with you, or to make my services better.<\/p>\n<p>I collect this information from three sources: if and when you provide information to me; automatically through operating my website, and from outside sources.<\/p>\n<p><strong><em>\u00a0<\/em><\/strong><\/p>\n<p><strong><em>Information You Provide to Me<\/em><\/strong><\/p>\n<p>I collect information that you provide to me directly. Here are some examples:<\/p>\n<p><strong>Basic account information:\u00a0<\/strong>I ask for basic information from you in order to set up your account. For example, I require individuals who sign up for an account for the website to provide an email address and password, along with a username or name \u2014 and that\u2019s it.<\/p>\n<p><strong>Payment and contact information:\u00a0<\/strong>There are various ways in which you may provide payment information and associated contact information. For example, if\u00a0you buy something from me, I\u2019ll collect information to process those payments and to contact you. I DO NOT keep a record of your payment details \u2013 I am completely unable to do this.<\/p>\n<p>I do keep a record of the purchases you\u2019ve made. This is through a record of invoices generated in my admin area of the website. I am legally required to do this for my own tax returns.<\/p>\n<p><strong><em>\u00a0<\/em><\/strong><\/p>\n<p><strong><em>\u00a0<\/em><\/strong><\/p>\n<p><strong><em>\u00a0<\/em><\/strong><\/p>\n<p><strong><em>Information I Collect Automatically<\/em><\/strong><\/p>\n<p><strong>Transactional information:<\/strong>\u00a0When you make a purchase through my website I collect information about the transaction, such as product details, purchase price, and the date and location of the transaction.<\/p>\n<p><strong>Information from cookies &amp; other technologies:<\/strong>\u00a0Cookies are small pieces of text installed on your computer\/device and sent to your <em>browser<\/em> by a website you visit. They\u00a0help that website remember information about your visit, (not about you!). They make it easier to visit the website again and make the site more useful to you by remembering your preferences. Mille R\u00eaves en Laine uses cookies to help identify and track usage of the website; to track and understand email campaign effectiveness.<\/p>\n<p>For more information about my use of cookies and other technologies for tracking, including how you can control the use of cookies, please see my\u00a0<a href=\"http:\/\/www.automattic.com\/cookies\">Cookie Policy<\/a>.<\/p>\n<p><strong>\u00a0<\/strong><\/p>\n<p><strong>How and Why I Use Information<\/strong><\/p>\n<p><strong><em>Purposes for Using Information<\/em><\/strong><\/p>\n<p>I use information about you for the purposes listed below:<\/p>\n<p><strong>To communicate with you.<\/strong><\/p>\n<p>by emailing you:<\/p>\n<p><em>Via the website \u2013 <\/em><\/p>\n<p>To keep you updates at each stage of you purchasing journey, (order in progress, packed, posted\u2026)<\/p>\n<p>To ask for your feedback, share tips for getting the most out of my products, or keep you up to date on Mille R\u00eaves en Laine<\/p>\n<p><em>Via Newsletter \u2013 <\/em><\/p>\n<p>To give you advance notice of boutique updates, share offers and promotions that I think will be of interest to you, share news and behind the scenes information.<br \/>\nIf you don\u2019t want to hear from me, you can opt out of marketing communications at any time. (If you opt out, I\u2019ll still send you important updates relating to your account.)<\/p>\n<p><strong><em>\u00a0<\/em><\/strong><\/p>\n<p><strong><em>\u00a0<\/em><\/strong><\/p>\n<p><strong><em>Legal Bases for Collecting and Using Information<\/em><\/strong><\/p>\n<p><strong>For those in the European Union:<\/strong> \u00a0my legal grounds for processing information about you under EU data protection laws, which is that my use of your information is based on the grounds that:<\/p>\n<p>(1) The use is necessary in order to fulfil my commitments to you under the applicable terms of service or other agreements with you or is necessary to administer your account \u2014 for example, in order to enable access to my website on your device; or<\/p>\n<p>(2) The use is necessary for compliance with a legal obligation; or<\/p>\n<p>(3) The use is necessary in order to protect your vital interests or those of another person; or<\/p>\n<p>(4) to communicate with you; to monitor and prevent any problems with my Services; and to personalize your experience.<\/p>\n<p>(5) You have given me your consent \u2014 for example before I place certain cookies on your device and access and analyse them later on, as described in my\u00a0<a href=\"http:\/\/www.automattic.com\/cookies\">Cookie Policy<\/a>.<\/p>\n<p><strong>\u00a0<\/strong><\/p>\n<p><strong>Sharing Information<\/strong><\/p>\n<p><strong><em>\u00a0<\/em><\/strong><\/p>\n<p><strong><em>How I Share Information<\/em><\/strong><\/p>\n<p>I share information about you in very limited circumstances, and with appropriate safeguards on your privacy. These are spelled out below.<\/p>\n<p><strong>Third-party vendors:<\/strong>\u00a0(like Stripe, which powers WooCommerce Payments, payment providers that process your credit and debit card information, fraud prevention services that allow me to analyse fraudulent payment transactions, postal and email delivery services that help me stay in touch with you, email support services that help me communicate with you, and companies that make products available on my websites (like the extensions on WooCommerce.com).<\/p>\n<p><em>I <strong>never<\/strong> sell your personal information.\u00a0\u00a0 <\/em><\/p>\n<p><strong>\u00a0<\/strong><\/p>\n<p><strong>How Long I Keep Information<\/strong><\/p>\n<p>I generally discard information about you when it\u2019s no longer needed for the purposes for which I collect and use it \u2014 described in the section above on How and Why I Use Information \u2014 and when I\u2019m not legally required to keep it.<\/p>\n<p><strong>Security<\/strong><\/p>\n<p>While no online service is 100% secure, I work very hard to protect information about you against unauthorized access, use, alteration, or destruction, and take reasonable measures to do so. I monitor my website for potential vulnerabilities and attacks.<\/p>\n<p><strong>\u00a0<\/strong><\/p>\n<p><strong>Choices<\/strong><\/p>\n<p>You have several choices available when it comes to information about you:<\/p>\n<ul>\n<li><strong>Set your browser to reject cookies:<\/strong>You can usually choose to set your browser to adjust, accept or deny browser cookies before using my website, with the drawback that certain features of the website may not function properly without the aid of Cookies.<\/li>\n<li><strong>Closing your account:<\/strong>While I\u2019d be very sad to see you go, you can close your account if you no longer want to use my website. Please keep in mind that I may continue to retain your information after closing your account, as described in How Long I Keep Information above \u2014 for example, when that information is reasonably needed to comply with (or demonstrate my compliance with) legal obligations such as law enforcement requests.<\/li>\n<\/ul>\n<p><strong>Your Rights<\/strong><\/p>\n<p>If you are located in certain parts of the world, including some US states and countries that fall under the scope of the European General Data Protection Regulation (aka the \u201cGDPR\u201d), you may have certain rights regarding your personal information, like the right to request access to or deletion of your data.<\/p>\n<p><strong><em>European General Data Protection Regulation (GDPR)<\/em><\/strong><\/p>\n<p>If you are located in a country that falls under the scope of the GDPR, data protection laws give you certain rights with respect to your personal data, subject to any exemptions provided by the law, including the rights to:<\/p>\n<ul>\n<li>Request access to your personal data;<\/li>\n<li>Request correction or deletion of your personal data;<\/li>\n<li>Object to my use and processing of your personal data;<\/li>\n<li>Request that I limit my use and processing of your personal data; and<\/li>\n<li>Request portability of your personal data.<\/li>\n<\/ul>\n<p>You also have the right to make a complaint to a government supervisory authority.<\/p>\n<p><strong>How to Reach Me<\/strong><\/p>\n<p>If you have a question about this Privacy Policy, or you would like to contact me about any of the rights mentioned in the\u00a0<a href=\"https:\/\/automattic.com\/privacy\/#your-rights\">Your Rights section<\/a>\u00a0above, please contact me through\u00a0<a href=\"mailto:millerevesenlaine@gmail.com\">email.<\/a><\/p>\n<p><strong>Other Things You Should Know (Keep Reading!)<\/strong><\/p>\n<p><strong><em>\u00a0<\/em><\/strong><\/p>\n<p><strong><em>Transferring Information<\/em><\/strong><\/p>\n<p><strong>Privacy Policy Changes<\/strong><\/p>\n<p>Although most changes are likely to be minor, I may change its Privacy Policy from time to time. I encourage visitors to frequently check this page for any changes to the Privacy Policy. If I make changes, I will notify you by revising the change log below, and, in some cases, I may provide additional notice (like adding a statement to my homepage or Blog. Your further use of the website after a change to my Privacy Policy will be subject to the updated policy.<\/p>\n<p><strong>Translation<\/strong><\/p>\n<p>In the event of a conflict between a translated version of my Privacy Policy and the English version, the English version will control.<\/p>\n<p>&nbsp;<\/p>\n<h2><span style=\"color: #3366ff;\"><strong>Politique de confidentialit\u00e9<\/strong><\/span><\/h2>\n<p>NB : Les termes &#8220;moi&#8221;, &#8220;je&#8221; et &#8220;Mille R\u00eaves en Laine&#8221; sont interchangeables aux fins du pr\u00e9sent document.<br \/>\nLa protection de votre vie priv\u00e9e est importante pour moi. \u00c0 cet \u00e9gard, Mille R\u00eaves en Laine a quelques principes fondamentaux :<br \/>\n&#8211; Je r\u00e9fl\u00e9chis aux informations personnelles que je vous demande de fournir et \u00e0 celles que je recueille \u00e0 votre sujet par le biais de mon site web.<br \/>\n&#8211; Je ne conserve les informations personnelles qu&#8217;aussi longtemps que j&#8217;ai une raison de les garder.<br \/>\n&#8211; Je vise une transparence totale sur la mani\u00e8re dont je recueille, utilise et partage vos informations personnelles.<br \/>\nVous trouverez ci-dessous ma politique de protection de la vie priv\u00e9e, qui int\u00e8gre et clarifie ces principes.<\/p>\n<p><strong>Qui je suis et ce que couvre cette politique<\/strong><\/p>\n<p>La pr\u00e9sente politique de confidentialit\u00e9 s&#8217;applique aux informations que je recueille sur vous lorsque vous utilisez<br \/>\n&#8211; Mon site web : millerevesenlaine.com<br \/>\nCette politique de confidentialit\u00e9 s&#8217;applique \u00e9galement aux informations que je recueille lorsque vous vous abonnez \u00e0 ma lettre d&#8217;information.<br \/>\nJe vous explique ci-dessous comment je recueille, utilise et partage les informations vous concernant, ainsi que les choix qui s&#8217;offrent \u00e0 vous en ce qui concerne ces informations.<\/p>\n<p><strong>Informations que je recueille<\/strong><\/p>\n<p>Je ne recueille des informations sur vous que si j&#8217;ai une raison de le faire &#8211; par exemple, pour fournir mes produits et services, pour communiquer avec vous ou pour am\u00e9liorer mes services.<br \/>\nJe recueille ces informations \u00e0 partir de trois sources : lorsque vous me fournissez des informations, automatiquement par le biais de mon site web et \u00e0 partir de sources ext\u00e9rieures.<\/p>\n<p>nformations que vous me fournissez<br \/>\nJe recueille les informations que vous me fournissez directement. En voici quelques exemples :<br \/>\nInformations de base sur le compte : Je vous demande des informations de base pour cr\u00e9er votre compte. Par exemple, je demande aux personnes qui ouvrent un compte sur le site web de fournir une adresse \u00e9lectronique et un mot de passe, ainsi qu&#8217;un nom d&#8217;utilisateur ou un nom &#8211; et c&#8217;est tout.<br \/>\nPaiement et coordonn\u00e9es : Vous pouvez fournir des informations de paiement et des coordonn\u00e9es associ\u00e9es de diff\u00e9rentes mani\u00e8res. Par exemple, si vous m&#8217;achetez quelque chose, je recueillerai des informations pour traiter ces paiements et vous contacter. Je ne conserve PAS les d\u00e9tails de votre paiement &#8211; je suis dans l&#8217;incapacit\u00e9 totale de le faire.<br \/>\nEn revanche, je garde une trace des achats que vous avez effectu\u00e9s. Cela se fait par le biais d&#8217;un registre de factures g\u00e9n\u00e9r\u00e9es dans ma zone d&#8217;administration du site web. Je suis l\u00e9galement tenu de le faire pour mes propres d\u00e9clarations fiscales.<\/p>\n<p><strong>Informations collect\u00e9es automatiquement<\/strong><\/p>\n<p>Informations transactionnelles : Lorsque vous effectuez un achat sur mon site web, je recueille des informations sur la transaction, telles que les d\u00e9tails du produit, le prix d&#8217;achat, la date et le lieu de la transaction.<br \/>\nInformations provenant de cookies et d&#8217;autres technologies : Les cookies sont de petits morceaux de texte install\u00e9s sur votre ordinateur\/appareil et envoy\u00e9s \u00e0 votre navigateur par un site web que vous visitez. Ils aident ce site web \u00e0 m\u00e9moriser des informations sur votre visite (mais pas sur vous !). Ils facilitent votre prochaine visite sur le site et le rendent plus utile aux utilisateurs.<\/p>\n<p>Informations provenant de cookies et d&#8217;autres technologies : Les cookies sont de petits morceaux de texte install\u00e9s sur votre ordinateur\/appareil et envoy\u00e9s \u00e0 votre navigateur par un site web que vous visitez. Ils aident ce site web \u00e0 m\u00e9moriser des informations sur votre visite (mais pas sur vous !). Ils facilitent votre prochaine visite sur le site et rendent le site plus utile pour vous en m\u00e9morisant vos pr\u00e9f\u00e9rences. Mille R\u00eaves en Laine utilise des cookies pour identifier et suivre l&#8217;utilisation du site web ; pour suivre et comprendre l&#8217;efficacit\u00e9 des campagnes d&#8217;emailing.<\/p>\n<p>Pour plus d&#8217;informations sur mon utilisation des cookies et autres technologies de suivi, y compris sur la fa\u00e7on dont vous pouvez contr\u00f4ler l&#8217;utilisation des cookies, veuillez consulter ma <em>Politique en mati\u00e8re de cookies.<\/em><\/p>\n<p><strong>\u00a0<\/strong><\/p>\n<p><strong>Comment et pourquoi j&#8217;utilise les informations<\/strong><\/p>\n<p>Finalit\u00e9s de l&#8217;utilisation des informations<\/p>\n<p>J&#8217;utilise les informations vous concernant aux fins \u00e9num\u00e9r\u00e9es ci-dessous :<\/p>\n<p>Pour communiquer avec vous en vous envoyant un courrier \u00e9lectronique :<\/p>\n<p>Par le biais du site web &#8211;<\/p>\n<p>Pour vous tenir inform\u00e9 \u00e0 chaque \u00e9tape de votre parcours d&#8217;achat (commande en cours, emball\u00e9e, exp\u00e9di\u00e9e&#8230;).<\/p>\n<p>Pour vous demander votre avis, partager des conseils pour tirer le meilleur parti de mes produits, ou vous tenir au courant de l&#8217;actualit\u00e9 de Mille R\u00eaves en Laine.<\/p>\n<p>Par le biais de la lettre d&#8217;information &#8211;<\/p>\n<p>Pour vous informer \u00e0 l&#8217;avance des mises \u00e0 jour de la boutique, partager des offres et des promotions qui pourraient vous int\u00e9resser, partager des nouvelles et des informations sur les coulisses.<\/p>\n<p>Si vous ne souhaitez pas recevoir de nouvelles de ma part, vous pouvez \u00e0 tout moment vous d\u00e9sabonner des communications marketing. (Si vous choisissez de ne plus recevoir de communications, je continuerai \u00e0 vous envoyer des mises \u00e0 jour importantes concernant votre compte).<\/p>\n<p><strong>Bases juridiques de la collecte et de l&#8217;utilisation des informations<\/strong><\/p>\n<p><strong>Pour les personnes r\u00e9sidant dans l&#8217;Union europ\u00e9enne :<\/strong> mes fondements juridiques pour le traitement des informations vous concernant en vertu des lois europ\u00e9ennes sur la protection des donn\u00e9es, \u00e0 savoir que l&#8217;utilisation de vos informations est fond\u00e9e sur les motifs suivants :<\/p>\n<p>(1) l&#8217;utilisation est n\u00e9cessaire pour remplir mes engagements envers vous en vertu des conditions de service applicables ou d&#8217;autres accords avec vous, ou est n\u00e9cessaire pour g\u00e9rer votre compte &#8211; par exemple, pour permettre l&#8217;acc\u00e8s \u00e0 mon site web sur votre appareil ; ou<\/p>\n<p>(2) l&#8217;utilisation est n\u00e9cessaire pour se conformer \u00e0 une obligation l\u00e9gale ; ou<\/p>\n<p>(3) l&#8217;utilisation est n\u00e9cessaire pour prot\u00e9ger vos int\u00e9r\u00eats vitaux ou ceux d&#8217;une autre personne ; ou<\/p>\n<p>(4) pour communiquer avec vous, pour surveiller et pr\u00e9venir tout probl\u00e8me li\u00e9 \u00e0 mes services et pour personnaliser votre exp\u00e9rience.<\/p>\n<p>(5) Vous m&#8217;avez donn\u00e9 votre consentement &#8211; par exemple avant que je place certains cookies sur votre appareil et que j&#8217;y acc\u00e8de et les analyse ult\u00e9rieurement, comme d\u00e9crit dans ma Politique en mati\u00e8re de cookies.<\/p>\n<p><strong>\u00a0<\/strong><\/p>\n<p><strong>Partage d&#8217;informations<\/strong><\/p>\n<p><strong>Comment je partage les informations<\/strong><\/p>\n<p>Je partage des informations vous concernant dans des circonstances tr\u00e8s limit\u00e9es et avec des mesures de protection appropri\u00e9es de votre vie priv\u00e9e. Ces circonstances sont d\u00e9crites ci-dessous.<\/p>\n<p>Fournisseurs tiers : (comme Stripe, qui g\u00e8re WooCommerce Payments, les fournisseurs de paiement qui traitent vos informations de carte de cr\u00e9dit et de d\u00e9bit, les services de pr\u00e9vention des fraudes qui me permettent d&#8217;analyser les transactions de paiement frauduleuses, les services de livraison par courrier et par e-mail qui m&#8217;aident \u00e0 rester en contact avec vous, les services d&#8217;assistance par e-mail qui m&#8217;aident \u00e0 communiquer avec vous, et les entreprises qui rendent les produits disponibles sur mes sites Web (comme les extensions sur WooCommerce.com).<\/p>\n<p>Je ne vends jamais vos informations personnelles!<\/p>\n<p><strong>Dur\u00e9e de conservation des informations<\/strong><\/p>\n<p>En r\u00e8gle g\u00e9n\u00e9rale, je supprime les informations vous concernant lorsqu&#8217;elles ne sont plus n\u00e9cessaires aux fins pour lesquelles je les collecte et les utilise &#8211; d\u00e9crites dans la section ci-dessus intitul\u00e9e &#8220;Comment et pourquoi j&#8217;utilise les informations&#8221; &#8211; et lorsque je ne suis pas l\u00e9galement tenu de les conserver.<\/p>\n<p><strong>S\u00e9curit\u00e9<\/strong><\/p>\n<p>Bien qu&#8217;aucun service en ligne ne soit s\u00fbr \u00e0 100 %, je m&#8217;efforce de prot\u00e9ger les informations vous concernant contre tout acc\u00e8s, utilisation, modification ou destruction non autoris\u00e9s, et je prends des mesures raisonnables \u00e0 cet effet. Je surveille mon site web pour d\u00e9tecter les vuln\u00e9rabilit\u00e9s et les attaques potentielles.<\/p>\n<p><strong>Choix<\/strong><\/p>\n<p>Plusieurs choix s&#8217;offrent \u00e0 vous en ce qui concerne les informations vous concernant :<\/p>\n<p>&#8211; R\u00e9gler votre navigateur pour qu&#8217;il rejette les cookies : Vous pouvez g\u00e9n\u00e9ralement choisir de configurer votre navigateur pour ajuster, accepter ou refuser les cookies du navigateur avant d&#8217;utiliser mon site web, avec l&#8217;inconv\u00e9nient que certaines fonctionnalit\u00e9s du site web peuvent ne pas fonctionner correctement sans l&#8217;aide des cookies.<\/p>\n<p>&#8211; Fermeture de votre compte : Bien que je sois tr\u00e8s triste de vous voir partir, vous pouvez fermer votre compte si vous ne souhaitez plus utiliser mon site web. N&#8217;oubliez pas que je peux continuer \u00e0 conserver vos informations apr\u00e8s la fermeture de votre compte, comme indiqu\u00e9 ci-dessus dans la section Dur\u00e9e de conservation des informations &#8211; par exemple, lorsque ces informations sont raisonnablement n\u00e9cessaires pour respecter (ou d\u00e9montrer que je respecte) des obligations l\u00e9gales telles que les demandes des autorit\u00e9s charg\u00e9es de l&#8217;application de la loi.<\/p>\n<p><strong>Vos droits<\/strong><\/p>\n<p>Si vous vous trouvez dans certaines parties du monde, y compris dans certains \u00c9tats am\u00e9ricains et dans des pays qui rel\u00e8vent du champ d&#8217;application du R\u00e8glement g\u00e9n\u00e9ral europ\u00e9en sur la protection des donn\u00e9es (alias le &#8220;RGPD&#8221;), vous pouvez avoir certains droits concernant vos informations personnelles, comme le droit de demander l&#8217;acc\u00e8s \u00e0 vos donn\u00e9es ou leur suppression.<\/p>\n<p><strong><em>R\u00e8glement g\u00e9n\u00e9ral europ\u00e9en sur la protection des donn\u00e9es (RGPD)<\/em><\/strong><\/p>\n<p>Si vous vous trouvez dans un pays qui rel\u00e8ve du champ d&#8217;application du GDPR, les lois sur la protection des donn\u00e9es vous conf\u00e8rent certains droits concernant vos donn\u00e9es personnelles, sous r\u00e9serve des exemptions pr\u00e9vues par la loi, y compris les droits de :<\/p>\n<p>&#8211; demander l&#8217;acc\u00e8s \u00e0 vos donn\u00e9es \u00e0 caract\u00e8re personnel<\/p>\n<p>&#8211; Demander la correction ou la suppression de vos donn\u00e9es \u00e0 caract\u00e8re personnel ;<\/p>\n<p>&#8211; S&#8217;opposer \u00e0 l&#8217;utilisation et au traitement de vos donn\u00e9es \u00e0 caract\u00e8re personnel ;<\/p>\n<p>&#8211; de demander que je limite l&#8217;utilisation et le traitement de vos donn\u00e9es \u00e0 caract\u00e8re personnel ; et<\/p>\n<p>&#8211; demander la portabilit\u00e9 de vos donn\u00e9es \u00e0 caract\u00e8re personnel.<\/p>\n<p>Vous avez \u00e9galement le droit de d\u00e9poser une plainte aupr\u00e8s d&#8217;une autorit\u00e9 de contr\u00f4le gouvernementale.<\/p>\n<p>&nbsp;<\/p>\n<p><strong>Comment me joindre<\/strong><\/p>\n<p>Si vous avez une question concernant la pr\u00e9sente politique de protection de la vie priv\u00e9e ou si vous souhaitez me contacter au sujet de l&#8217;un des droits mentionn\u00e9s dans la section &#8220;Vos droits&#8221; ci-dessus, veuillez me contacter par courrier \u00e9lectronique.<\/p>\n<p><strong>Autres points \u00e0 conna\u00eetre (continuez \u00e0 lire !)<\/strong><\/p>\n<p><strong>Transfert d&#8217;informations<\/strong><\/p>\n<p><em>Modifications de la politique de confidentialit\u00e9<\/em><\/p>\n<p>Bien que la plupart des changements soient mineurs, je peux modifier sa politique de confidentialit\u00e9 de temps \u00e0 autre. J&#8217;encourage les visiteurs \u00e0 consulter fr\u00e9quemment cette page pour prendre connaissance de toute modification apport\u00e9e \u00e0 la politique de confidentialit\u00e9. Si j&#8217;apporte des modifications, je vous en informerai en r\u00e9visant le journal des modifications ci-dessous et, dans certains cas, je pourrai fournir un avis suppl\u00e9mentaire (par exemple en ajoutant une d\u00e9claration sur ma page d&#8217;accueil ou sur mon blog). Votre utilisation du site web apr\u00e8s une modification de ma politique de confidentialit\u00e9 sera soumise \u00e0 la politique mise \u00e0 jour.<\/p>\n<p><strong>Traduction<\/strong><\/p>\n<p>En cas de conflit entre une version traduite de ma politique de confidentialit\u00e9 et la version anglaise, la version anglaise pr\u00e9vaudra.<\/p>\n","protected":false},"excerpt":{"rendered":"<p>Privacy\u00a0Policy (Version fran\u00e7aise plus bas) NB: The terms \u2018me\u2019 \u2019I\u2019 and \u2018Mille R\u00eaves en Laine\u2019 are interchangeable for the purposes of this document. Your privacy is important to me. In this regard, Mille R\u00eaves en Laine, has a few fundamental principles: I am thoughtful about the personal information I ask you to provide and the [&hellip;]<\/p>\n","protected":false},"author":1,"featured_media":0,"parent":0,"menu_order":0,"comment_status":"closed","ping_status":"closed","template":"","meta":{"_et_pb_use_builder":"","_et_pb_old_content":"","_et_gb_content_width":"","om_disable_all_campaigns":false,"_monsterinsights_skip_tracking":false,"_monsterinsights_sitenote_active":false,"_monsterinsights_sitenote_note":"","_monsterinsights_sitenote_category":0,"footnotes":""},"class_list":["post-42401","page","type-page","status-publish","hentry"],"aioseo_notices":[],"jetpack_sharing_enabled":true,"_links":{"self":[{"href":"https:\/\/www.millerevesenlaine.com\/boutique\/wp-json\/wp\/v2\/pages\/42401","targetHints":{"allow":["GET"]}}],"collection":[{"href":"https:\/\/www.millerevesenlaine.com\/boutique\/wp-json\/wp\/v2\/pages"}],"about":[{"href":"https:\/\/www.millerevesenlaine.com\/boutique\/wp-json\/wp\/v2\/types\/page"}],"author":[{"embeddable":true,"href":"https:\/\/www.millerevesenlaine.com\/boutique\/wp-json\/wp\/v2\/users\/1"}],"replies":[{"embeddable":true,"href":"https:\/\/www.millerevesenlaine.com\/boutique\/wp-json\/wp\/v2\/comments?post=42401"}],"version-history":[{"count":2,"href":"https:\/\/www.millerevesenlaine.com\/boutique\/wp-json\/wp\/v2\/pages\/42401\/revisions"}],"predecessor-version":[{"id":42407,"href":"https:\/\/www.millerevesenlaine.com\/boutique\/wp-json\/wp\/v2\/pages\/42401\/revisions\/42407"}],"wp:attachment":[{"href":"https:\/\/www.millerevesenlaine.com\/boutique\/wp-json\/wp\/v2\/media?parent=42401"}],"curies":[{"name":"wp","href":"https:\/\/api.w.org\/{rel}","templated":true}]}}