{"id":42416,"date":"2024-05-01T18:39:54","date_gmt":"2024-05-01T16:39:54","guid":{"rendered":"https:\/\/www.millerevesenlaine.com\/?page_id=42416"},"modified":"2025-04-13T16:46:33","modified_gmt":"2025-04-13T14:46:33","slug":"shipping-information","status":"publish","type":"page","link":"https:\/\/www.millerevesenlaine.com\/boutique\/shipping-information\/","title":{"rendered":"Shipping Information"},"content":{"rendered":"<h1><strong>Shipping Information \u2013 General<\/strong><em><br \/>\n(Version fran\u00e7aise plus bas)<\/em><\/h1>\n<p>For more detail on any point, please read the relevant sections in my \u2018<em>Terms of Service\u2019<\/em>.<\/p>\n<h4><strong>IF SHIPPING IS NOT APPEARING WHEN PLACING ORDER<br \/>\n<\/strong><\/h4>\n<p>Unfortunately, this means that I do not post to your country.<br \/>\nNB: I am unable to post to the United Kingdom. Since the changes imposed since the United Kingdom left the EU.<\/p>\n<h4><strong>SHIPPING and CARRIERS<\/strong><\/h4>\n<p><em>Shipping is calculated at checkout when you enter the delivery address.<\/em><\/p>\n<p>Mille R\u00eaves en Laine keeps shipping costs as low as possible and they are related to the prices quoted by Colissimo, (La Poste), or Mondial Relay if available in your country.<\/p>\n<p>I post orders on the next <em>working day<\/em> after receipt of your order, except when an item is listed as &#8220;Pre-Order&#8221;.<\/p>\n<p><strong>Shipping Times currently posted by Colissimo are<\/strong><\/p>\n<p>France \u2013 up to 3 days<\/p>\n<p>Rest of Europe \u2013 up to 5 days<\/p>\n<p><strong>Shipping Times currently posted by Mondial Relay are<\/strong><\/p>\n<p>France: 3 \u2013 4 days:<\/p>\n<p>Rest of Europe: 4 \u2013 8 days<\/p>\n<h3><strong>SHIPPING PRE-ORDER ITEMS<\/strong><\/h3>\n<p>When an item is listed as &#8220;Pre-Order&#8221; it will not ship immediately; the release date will be given on the product page. Regardless of the purchase date, all pre-order items will ship on the release date. If you have placed an order with other items, those will ship at the same time as the pre-ordered item.<\/p>\n<h3><strong>\u00a0<\/strong><strong>IF A PARCEL IS NOT DELIVERED\/ LOST OR DAMAGED<br \/>\n<\/strong><\/h3>\n<p>A claim must be made by the customer to Colissimo or Mondial Relay in order to obtain a full refund. A claim made by Mille R\u00eaves en Laine is not obligatory or automatic and will only cover 70% of the value of the lost goods, whereas it will reach 100% if made by the end customer.<\/p>\n<h3><strong>RETURNS REFUNDS<br \/>\n<\/strong><\/h3>\n<p>Returns and refunds are accepted under only specific conditions. Please see my <em>Returns\/Refunds Policy<\/em> (Link in Footer)<\/p>\n<h3><strong>CUSTOMS FEES\/DUTY CHARGES<\/strong><\/h3>\n<p>Mille R\u00eaves en Laine is located in France, European Union (EU). Any orders that are placed from outside the EU are subject to customs fees based on the shipping address given at the time of purchase. Each country\/state has its own regulations and rates for items being imported from the EU. Postal Services will collect these fees on behalf of the country of importation. It is the responsibility of the customer to be aware of possible customs charges when making a purchase.<\/p>\n<p>Please note that a refusal of a customs fee payment will warrant the order being returned to us, at our expense. If you wish to receive a refund of a refused order, the return charges will be deducted from your refund.<\/p>\n<h3><span style=\"color: #3366ff;\"><strong>Informations sur l&#8217;exp\u00e9dition &#8211; G\u00e9n\u00e9ralit\u00e9s<\/strong><\/span><\/h3>\n<p>Pour plus de d\u00e9tails sur n&#8217;importe quel point, veuillez lire les sections correspondantes de mes &#8220;<em>Conditions d\u2019 Utilisation<\/em>&#8220;.<\/p>\n<h3>SI L&#8217;EXP\u00c9DITION N&#8217;APPARA\u00ceT PAS LORS DE LA COMMANDE<\/h3>\n<p>Malheureusement, cela signifie que je n&#8217;envoie pas de courrier dans votre pays.<\/p>\n<p>NB : Je ne suis pas en mesure de livrer au Royaume-Uni. Depuis les changements impos\u00e9s par la sortie du Royaume-Uni de l&#8217;EU.<\/p>\n<h3>EXP\u00c9DITION et TRANSPORTEURS<\/h3>\n<p>Les frais de port sont calcul\u00e9s au moment de la commande, lorsque vous indiquez l&#8217;adresse de livraison.<\/p>\n<p>Mille R\u00eaves en Laine maintient les frais de port aussi bas que possible et sont li\u00e9s aux prix indiqu\u00e9s par Colissimo, (La Poste), ou Mondial Relay si disponible dans votre pays.<\/p>\n<p>Je poste les commandes <em>le jour ouvrable suivant<\/em> la r\u00e9ception de votre commande, sauf si un article est list\u00e9 comme &#8220;Pr\u00e9-commande&#8221;.<\/p>\n<p>Les d\u00e9lais de livraison actuellement affich\u00e9s par <strong>Colissimo<\/strong> sont les suivants:<\/p>\n<p>France &#8211; jusqu&#8217;\u00e0 3 jours<br \/>\nReste de l&#8217;Europe &#8211; jusqu&#8217;\u00e0 5 jours<\/p>\n<p>Les d\u00e9lais de livraison actuellement affich\u00e9s par <strong>Mondial Relay<\/strong> sont les suivants:<br \/>\nFrance : 3 &#8211; 4 jours :<br \/>\nReste de l&#8217;Europe : 4 &#8211; 8 jours<\/p>\n<h3>EXP\u00c9DITION DES ARTICLES EN PR\u00c9-COMMANDE<\/h3>\n<p>Lorsqu&#8217;un article est list\u00e9 comme &#8220;Pr\u00e9-commande&#8221;, il ne sera pas exp\u00e9di\u00e9 imm\u00e9diatement ; la date de sortie sera indiqu\u00e9e sur la page du produit. Quelle que soit la date d&#8217;achat, tous les articles en pr\u00e9-commande seront exp\u00e9di\u00e9s \u00e0 la date de sortie. Si vous avez pass\u00e9 une commande avec d&#8217;autres articles, ceux-ci seront exp\u00e9di\u00e9s en m\u00eame temps que l&#8217;article pr\u00e9command\u00e9.<\/p>\n<h3>SI UN COLIS N&#8217;EST PAS LIVR\u00c9\/PERDU OU ENDOMMAG\u00c9<\/h3>\n<p>Une r\u00e9clamation doit \u00eatre faite par le client aupr\u00e8s de Colissimo ou Mondial Relay afin d&#8217;obtenir un remboursement int\u00e9gral. La r\u00e9clamation faite par Mille R\u00eaves en Laine n&#8217;est pas obligatoire ni automatique et ne couvrira que 70% de la valeur de la marchandise perdue, alors qu&#8217;elle atteindra 100% si elle est faite par le client final.<\/p>\n<h3>RETOURS REMBOURSEMENTS<\/h3>\n<p>Les retours et les remboursements sont accept\u00e9s sous certaines conditions.<br \/>\nVeuillez consulter ma politique de retour\/remboursement (lien en bas de page).<\/p>\n<h3>FRAIS DE DOUANE\/DROITS DE DOUANE<\/h3>\n<p>Mille R\u00eaves en Laine est situ\u00e9 en France, dans l&#8217;Union europ\u00e9enne (UE). Toute commande pass\u00e9e en dehors de l&#8217;UE est soumise \u00e0 des frais de douane en fonction de l&#8217;adresse de livraison indiqu\u00e9e au moment de l&#8217;achat. Chaque pays\/\u00e9tat a ses propres r\u00e9glementations et tarifs pour les articles import\u00e9s de l&#8217;UE. Les services postaux per\u00e7oivent ces frais au nom du pays d&#8217;importation. Il incombe au client de s&#8217;informer des \u00e9ventuels frais de douane au moment de l&#8217;achat.<br \/>\nVeuillez noter qu&#8217;en cas de refus de paiement des frais de douane, la commande nous sera renvoy\u00e9e, \u00e0 nos frais. Si vous souhaitez \u00eatre rembours\u00e9 d&#8217;une commande refus\u00e9e, les frais de retour seront d\u00e9duits de votre remboursement.<\/p>\n","protected":false},"excerpt":{"rendered":"<p>Shipping Information \u2013 General (Version fran\u00e7aise plus bas) For more detail on any point, please read the relevant sections in my \u2018Terms of Service\u2019. IF SHIPPING IS NOT APPEARING WHEN PLACING ORDER Unfortunately, this means that I do not post to your country. NB: I am unable to post to the United Kingdom. Since the [&hellip;]<\/p>\n","protected":false},"author":1,"featured_media":0,"parent":0,"menu_order":0,"comment_status":"closed","ping_status":"closed","template":"","meta":{"_et_pb_use_builder":"","_et_pb_old_content":"","_et_gb_content_width":"","om_disable_all_campaigns":false,"_monsterinsights_skip_tracking":false,"_monsterinsights_sitenote_active":false,"_monsterinsights_sitenote_note":"","_monsterinsights_sitenote_category":0,"footnotes":""},"class_list":["post-42416","page","type-page","status-publish","hentry"],"aioseo_notices":[],"jetpack_sharing_enabled":true,"_links":{"self":[{"href":"https:\/\/www.millerevesenlaine.com\/boutique\/wp-json\/wp\/v2\/pages\/42416","targetHints":{"allow":["GET"]}}],"collection":[{"href":"https:\/\/www.millerevesenlaine.com\/boutique\/wp-json\/wp\/v2\/pages"}],"about":[{"href":"https:\/\/www.millerevesenlaine.com\/boutique\/wp-json\/wp\/v2\/types\/page"}],"author":[{"embeddable":true,"href":"https:\/\/www.millerevesenlaine.com\/boutique\/wp-json\/wp\/v2\/users\/1"}],"replies":[{"embeddable":true,"href":"https:\/\/www.millerevesenlaine.com\/boutique\/wp-json\/wp\/v2\/comments?post=42416"}],"version-history":[{"count":2,"href":"https:\/\/www.millerevesenlaine.com\/boutique\/wp-json\/wp\/v2\/pages\/42416\/revisions"}],"predecessor-version":[{"id":43131,"href":"https:\/\/www.millerevesenlaine.com\/boutique\/wp-json\/wp\/v2\/pages\/42416\/revisions\/43131"}],"wp:attachment":[{"href":"https:\/\/www.millerevesenlaine.com\/boutique\/wp-json\/wp\/v2\/media?parent=42416"}],"curies":[{"name":"wp","href":"https:\/\/api.w.org\/{rel}","templated":true}]}}